{"id":52,"date":"2014-09-09T22:51:43","date_gmt":"2014-09-09T20:51:43","guid":{"rendered":"http:\/\/agenturherzensfreude.com\/?page_id=52"},"modified":"2025-12-02T18:22:07","modified_gmt":"2025-12-02T16:22:07","slug":"preise","status":"publish","type":"page","link":"https:\/\/agenturherzensfreude.com\/gb\/preise\/","title":{"rendered":"Preise"},"content":{"rendered":"<div class=\"pntrst_main_before_after\"><div class=\"pntrst-button-wrap\">\n\t\t\t\t\t\t\t<a data-pin-do=\"buttonBookmark\" data-pin-custom=\"\" href=\"https:\/\/www.pinterest.com\/pin\/create\/button\/\"><img data-recalc-dims=\"1\" decoding=\"async\" data-pin-nopin=\"1\" class=\"pntrst-custom-pin\" src=\"https:\/\/i0.wp.com\/agenturherzensfreude.com\/wp-content\/plugins\/bws-pinterest\/images\/pin.png?w=60&#038;ssl=1\" ><\/a>\n\t\t\t\t\t\t<\/div><\/div>\n<p class=\"has-text-align-center\">&nbsp;<\/p>\n\n\n\n<h1 class=\"wp-block-heading has-text-align-center\" id=\"unsere-preise\">Unsere Preise<\/h1>\n\n\n\n<p class=\"has-text-align-center\"><span style=\"text-decoration: underline\">W\u00e4hle zwischen den drei Paketen aus: <\/span><\/p>\n\n\n\n<div class=\"wp-block-columns is-layout-flex wp-container-core-columns-is-layout-9d6595d7 wp-block-columns-is-layout-flex\">\n<div class=\"wp-block-column is-layout-flow wp-block-column-is-layout-flow\">\n<div class=\"wp-block-columns has-pale-cyan-blue-background-color has-background is-layout-flex wp-container-core-columns-is-layout-9d6595d7 wp-block-columns-is-layout-flex\">\n<div class=\"wp-block-column is-vertically-aligned-center is-layout-flow wp-block-column-is-layout-flow\" style=\"flex-basis:100%\">\n<h2 class=\"wp-block-heading has-text-align-center\" id=\"basic\">Basic<\/h2>\n<\/div>\n<\/div>\n\n\n\n<ul class=\"wp-block-list\">\n<li>Antrag d. Hochzeitsgenehmigung<\/li>\n\n\n\n<li>Dokumentencheck<\/li>\n\n\n\n<li>Termin im Standesamt<\/li>\n\n\n\n<li>inkl. Pr\u00fcfungsgeb\u00fchren (2100 DKK seit 1.1.2025= 282\u20ac)<\/li>\n\n\n\n<li>inkl. Mwst.<\/li>\n\n\n\n<li><strong>1570\u20ac<\/strong><\/li>\n<\/ul>\n<\/div>\n\n\n\n<div class=\"wp-block-column has-black-color has-white-background-color has-text-color has-background is-layout-flow wp-block-column-is-layout-flow\">\n<div class=\"wp-block-columns is-layout-flex wp-container-core-columns-is-layout-9d6595d7 wp-block-columns-is-layout-flex\">\n<div class=\"wp-block-column has-vivid-cyan-blue-background-color has-background is-layout-flow wp-block-column-is-layout-flow\" style=\"flex-basis:100%\">\n<h2 class=\"wp-block-heading has-text-align-center\" id=\"classic\">Classic<\/h2>\n<\/div>\n<\/div>\n\n\n\n<ul class=\"wp-block-list\">\n<li>Dokumentencheck<\/li>\n\n\n\n<li>Antrag d. Hochzeitsgenehmigung<\/li>\n\n\n\n<li>Termin im Standesamt <\/li>\n\n\n\n<li>inkl. Apostillen-Service<\/li>\n\n\n\n<li>inkl. Familienstammbuch d. Agentur Herzensfreude<\/li>\n\n\n\n<li>inkl. Pr\u00fcfungsgeb\u00fchren (2100 DKK seit 1.1.2025= 282\u20ac)<\/li>\n\n\n\n<li>inkl. Mwst.<\/li>\n\n\n\n<li><strong>1800\u20ac<\/strong><\/li>\n<\/ul>\n\n\n\n<p><\/p>\n<\/div>\n\n\n\n<div class=\"wp-block-column is-layout-flow wp-block-column-is-layout-flow\">\n<h2 class=\"wp-block-heading has-text-align-center has-cyan-bluish-gray-background-color has-background\" id=\"premium\">Premium<\/h2>\n\n\n\n<ul class=\"wp-block-list\">\n<li>Dokumentencheck<\/li>\n\n\n\n<li>Antrag d. Hochzeitsgenehmigung<\/li>\n\n\n\n<li>Termin im Standesamt<\/li>\n\n\n\n<li>inkl. Apostillen-Service<\/li>\n\n\n\n<li>inkl. Familienstammbuch d. Agentur Herzensfreude<\/li>\n\n\n\n<li>inkl. Pr\u00fcfungsgeb\u00fchren (2100 DKK seit 1.1.2025= 282\u20ac)<\/li>\n\n\n\n<li>inkl. Mwst.<\/li>\n\n\n\n<li>inkl. Hotelbuchung<\/li>\n\n\n\n<li>(1 \u00dcbernachtung f\u00fcr das Brautpaar) <\/li>\n\n\n\n<li>Bei Bedarf Support bez\u00fcglich der Familienzusammenf\u00fchrung <\/li>\n\n\n\n<li><strong>2200\u20ac<\/strong><\/li>\n<\/ul>\n\n\n\n<p><\/p>\n<\/div>\n<\/div>\n\n\n\n<hr class=\"wp-block-separator has-css-opacity\"\/>\n\n\n\n<ul class=\"wp-block-list\">\n<li>optional hinzubuchbar: <span style=\"color: #0000ff;\"><strong>Legalisierungsservice<\/strong> f\u00fcr die Heiratsurkunde 250\u20ac<\/span><\/li>\n<\/ul>\n\n\n\n<hr class=\"wp-block-separator has-css-opacity\"\/>\n\n\n<div class=\"wp-block-image\">\n<figure class=\"aligncenter size-full\"><a href=\"https:\/\/i0.wp.com\/agenturherzensfreude.com\/wp-content\/uploads\/2021\/10\/earth-3866609__340.webp?ssl=1\"><img data-recalc-dims=\"1\" loading=\"lazy\" decoding=\"async\" width=\"686\" height=\"340\" data-attachment-id=\"74729\" data-permalink=\"https:\/\/agenturherzensfreude.com\/gb\/preise\/earth-3866609__340\/\" data-orig-file=\"https:\/\/i0.wp.com\/agenturherzensfreude.com\/wp-content\/uploads\/2021\/10\/earth-3866609__340.webp?fit=686%2C340&amp;ssl=1\" data-orig-size=\"686,340\" data-comments-opened=\"1\" data-image-meta=\"{&quot;aperture&quot;:&quot;0&quot;,&quot;credit&quot;:&quot;&quot;,&quot;camera&quot;:&quot;&quot;,&quot;caption&quot;:&quot;&quot;,&quot;created_timestamp&quot;:&quot;0&quot;,&quot;copyright&quot;:&quot;&quot;,&quot;focal_length&quot;:&quot;0&quot;,&quot;iso&quot;:&quot;0&quot;,&quot;shutter_speed&quot;:&quot;0&quot;,&quot;title&quot;:&quot;&quot;,&quot;orientation&quot;:&quot;0&quot;}\" data-image-title=\"earth-3866609__340\" data-image-description=\"\" data-image-caption=\"\" data-large-file=\"https:\/\/i0.wp.com\/agenturherzensfreude.com\/wp-content\/uploads\/2021\/10\/earth-3866609__340.webp?fit=686%2C340&amp;ssl=1\" src=\"https:\/\/i0.wp.com\/agenturherzensfreude.com\/wp-content\/uploads\/2021\/10\/earth-3866609__340.webp?resize=686%2C340&#038;ssl=1\" alt=\"\" class=\"wp-image-74729\" srcset=\"https:\/\/i0.wp.com\/agenturherzensfreude.com\/wp-content\/uploads\/2021\/10\/earth-3866609__340.webp?w=686&amp;ssl=1 686w, https:\/\/i0.wp.com\/agenturherzensfreude.com\/wp-content\/uploads\/2021\/10\/earth-3866609__340.webp?resize=300%2C149&amp;ssl=1 300w, https:\/\/i0.wp.com\/agenturherzensfreude.com\/wp-content\/uploads\/2021\/10\/earth-3866609__340.webp?resize=600%2C297&amp;ssl=1 600w\" sizes=\"auto, (max-width: 686px) 100vw, 686px\" \/><\/a><\/figure>\n<\/div>\n\n\n<hr class=\"wp-block-separator has-css-opacity\"\/>\n\n\n\n<h2 class=\"wp-block-heading has-text-align-center\" id=\"der-ablauf\">Der Ablauf<\/h2>\n\n\n\n<hr class=\"wp-block-separator has-css-opacity\"\/>\n\n\n\n<p class=\"has-text-align-center\"><strong>Mut zur Ver\u00e4nderung! Lehne dich zur\u00fcck und \u00fcberlasse uns den b\u00fcrokratischen Aufwand:<\/strong><\/p>\n\n\n\n<h3 class=\"wp-block-heading has-text-align-center\" id=\"was-sind-die-nachsten-schritte-wie-muss-ich-vorgehen\"><em>Was sind die n\u00e4chsten Schritte? Wie muss ich vorgehen?<\/em><\/h3>\n\n\n\n<p class=\"has-text-align-center\"><\/p>\n\n\n\n<h3 class=\"wp-block-heading has-text-align-center\" id=\"du-bist-sicher-dass-du-in-danemark-heiraten-mochtest\"><span style=\"text-decoration: underline\">Du bist sicher, dass du in D\u00e4nemark heiraten m\u00f6chtest?<\/span><\/h3>\n\n\n\n<p class=\"has-text-align-center\">Agentur Herzensfreude soll<strong> <\/strong>den Prozess des Ganzen f\u00fcr dich \u00fcbernehmen?<\/p>\n\n\n\n<h2 class=\"wp-block-heading has-text-align-center\" id=\"du-bist-nur-noch-10-schritte-von-der-veranderung-zum-positiven-entfernt\"><mark style=\"background-color:rgba(0, 0, 0, 0)\" class=\"has-inline-color has-vivid-cyan-blue-color\">Du bist nur noch 10 Schritte von der Ver\u00e4nderung zum Positiven entfernt!<\/mark><\/h2>\n\n\n\n<h2 class=\"wp-block-heading\" id=\"1-du-vereinbarst-ein-kostenloses-erstgesprach-damit-du-zu-deinem-fall-individuell-beraten-werden-kannst\">1.Du vereinbarst ein kostenloses Erstgespr\u00e4ch, damit du zu deinem Fall individuell beraten werden kannst.<\/h2>\n\n\n\n<h2 class=\"wp-block-heading\" id=\"2-du-entscheidest-dich-fur-eines-der-pakete-wir-stellen-eine-rechnung-aus\">2.Du entscheidest dich f\u00fcr eines der Pakete! Wir stellen eine Rechnung aus.<\/h2>\n\n\n\n<h2 class=\"wp-block-heading\" id=\"3-du-bezahlst-den-betrag-x-und-sendest-die-eingescannten-dokumente-per-email-an-uns\">3.Du bezahlst den Betrag x und sendest die eingescannten Dokumente per Email an uns.<\/h2>\n\n\n\n<h2 class=\"wp-block-heading\" id=\"4-bei-zahlungseingang-werden-wir-aktiv-es-folgt-zunachst-der-dokumentencheck\">4.Bei Zahlungseingang werden wir aktiv: Es folgt zun\u00e4chst der Dokumentencheck<\/h2>\n\n\n\n<h2 class=\"wp-block-heading\" id=\"5-danach-wird-dein-antragsformular-vorbereitet\">5. Danach wird dein Antragsformular vorbereitet.<\/h2>\n\n\n\n<h2 class=\"wp-block-heading\" id=\"6-du-und-deine-verlobte-mussen-dieses-nur-noch-unterschreiben\">6.Du und deine Verlobte m\u00fcssen dieses nur noch unterschreiben.<\/h2>\n\n\n\n<h2 class=\"wp-block-heading\" id=\"7-deine-genehmigung-wird-von-uns-fur-dich-bei-der-danischen-prufbehorde-beantragt\">7.Deine Genehmigung wird von uns f\u00fcr Dich bei der d\u00e4nischen Pr\u00fcfbeh\u00f6rde beantragt.<\/h2>\n\n\n\n<h2 class=\"wp-block-heading\" id=\"8-sobald-die-erlaubnis-zu-heirat-erteilt-worden-ist-kann-ein-termin-fur-eure-hochzeit-in-danemark-festgesetzt-werden\">8.Sobald die Erlaubnis zu Heirat erteilt worden ist- kann ein Termin f\u00fcr Eure Hochzeit in D\u00e4nemark festgesetzt werden.<\/h2>\n\n\n\n<h2 class=\"wp-block-heading\" id=\"9-zum-schluss-stellen-wir-deine-hochzeitsinfos-fur-dich-zusammen\">9. Zum Schluss stellen wir deine Hochzeitsinfos f\u00fcr dich zusammen.<\/h2>\n\n\n\n<h2 class=\"wp-block-heading\" id=\"10-geschafft-du-darfst-jetzt-endlich-heiraten\">10. Geschafft! Du darfst jetzt endlich heiraten! <\/h2>\n\n\n\n<h4 class=\"wp-block-heading has-text-align-center\" id=\"herzlichen-gluckwunsch\"><mark style=\"background-color:rgba(0, 0, 0, 0)\" class=\"has-inline-color has-vivid-cyan-blue-color\">Herzlichen Gl\u00fcckwunsch<\/mark><\/h4>\n\n\n\n<h4 class=\"wp-block-heading has-text-align-center\" id=\"du-hast-deine-beziehung-auf-das-nachste-level-gebracht-und-bist-nun-offiziell-verheiratet\"><mark style=\"background-color:rgba(0, 0, 0, 0)\" class=\"has-inline-color has-vivid-cyan-blue-color\">du hast deine Beziehung auf das n\u00e4chste Level gebracht und bist nun offiziell verheiratet!<\/mark><\/h4>\n\n\n\n<figure class=\"wp-block-image size-large\"><img data-recalc-dims=\"1\" loading=\"lazy\" decoding=\"async\" width=\"736\" height=\"552\" data-attachment-id=\"74762\" data-permalink=\"https:\/\/agenturherzensfreude.com\/gb\/preise\/img_2733\/\" data-orig-file=\"https:\/\/i0.wp.com\/agenturherzensfreude.com\/wp-content\/uploads\/2021\/10\/img_2733.jpg?fit=4032%2C3024&amp;ssl=1\" data-orig-size=\"4032,3024\" data-comments-opened=\"1\" data-image-meta=\"{&quot;aperture&quot;:&quot;2.2&quot;,&quot;credit&quot;:&quot;&quot;,&quot;camera&quot;:&quot;iPhone 11&quot;,&quot;caption&quot;:&quot;&quot;,&quot;created_timestamp&quot;:&quot;1616588148&quot;,&quot;copyright&quot;:&quot;&quot;,&quot;focal_length&quot;:&quot;2.71&quot;,&quot;iso&quot;:&quot;400&quot;,&quot;shutter_speed&quot;:&quot;0.019607843137255&quot;,&quot;title&quot;:&quot;&quot;,&quot;orientation&quot;:&quot;1&quot;}\" data-image-title=\"img_2733\" data-image-description=\"\" data-image-caption=\"\" data-large-file=\"https:\/\/i0.wp.com\/agenturherzensfreude.com\/wp-content\/uploads\/2021\/10\/img_2733.jpg?fit=736%2C552&amp;ssl=1\" src=\"https:\/\/i0.wp.com\/agenturherzensfreude.com\/wp-content\/uploads\/2021\/10\/img_2733.jpg?resize=736%2C552&#038;ssl=1\" alt=\"\" class=\"wp-image-74762\" srcset=\"https:\/\/i0.wp.com\/agenturherzensfreude.com\/wp-content\/uploads\/2021\/10\/img_2733.jpg?resize=1024%2C768&amp;ssl=1 1024w, https:\/\/i0.wp.com\/agenturherzensfreude.com\/wp-content\/uploads\/2021\/10\/img_2733.jpg?resize=300%2C225&amp;ssl=1 300w, https:\/\/i0.wp.com\/agenturherzensfreude.com\/wp-content\/uploads\/2021\/10\/img_2733.jpg?resize=768%2C576&amp;ssl=1 768w, https:\/\/i0.wp.com\/agenturherzensfreude.com\/wp-content\/uploads\/2021\/10\/img_2733.jpg?resize=1536%2C1152&amp;ssl=1 1536w, https:\/\/i0.wp.com\/agenturherzensfreude.com\/wp-content\/uploads\/2021\/10\/img_2733.jpg?resize=2048%2C1536&amp;ssl=1 2048w, https:\/\/i0.wp.com\/agenturherzensfreude.com\/wp-content\/uploads\/2021\/10\/img_2733.jpg?resize=1400%2C1050&amp;ssl=1 1400w, https:\/\/i0.wp.com\/agenturherzensfreude.com\/wp-content\/uploads\/2021\/10\/img_2733.jpg?resize=600%2C450&amp;ssl=1 600w, https:\/\/i0.wp.com\/agenturherzensfreude.com\/wp-content\/uploads\/2021\/10\/img_2733.jpg?w=1472&amp;ssl=1 1472w, https:\/\/i0.wp.com\/agenturherzensfreude.com\/wp-content\/uploads\/2021\/10\/img_2733.jpg?w=2208&amp;ssl=1 2208w\" sizes=\"auto, (max-width: 736px) 100vw, 736px\" \/><\/figure>\n\n\n\n<p><a href=\"https:\/\/calendly.com\/agentur-herzensfreude\/telefongesprach-heiraten-in-danemark\">Jetzt ein kostenloses Telefongespr\u00e4ch buchen<\/a><\/p>\n\n\n\n<hr class=\"wp-block-separator has-css-opacity\"\/>\n\n\n\n<p><\/p>\n<div class=\"pntrst_main_before_after\"><\/div>","protected":false},"excerpt":{"rendered":"<p>&nbsp; Unsere Preise W\u00e4hle zwischen den drei Paketen aus: Basic Classic Premium Der Ablauf Mut zur Ver\u00e4nderung! Lehne dich zur\u00fcck und \u00fcberlasse uns den b\u00fcrokratischen Aufwand: Was sind die n\u00e4chsten Schritte? Wie muss ich vorgehen? Du bist sicher, dass du&#8230; <a class=\"more-link\" href=\"https:\/\/agenturherzensfreude.com\/gb\/preise\/#more-52\">Continue Reading &rarr;<\/a><\/p>\n","protected":false},"author":1,"featured_media":74727,"parent":0,"menu_order":0,"comment_status":"open","ping_status":"open","template":"","meta":{"_monsterinsights_skip_tracking":false,"_monsterinsights_sitenote_active":false,"_monsterinsights_sitenote_note":"","_monsterinsights_sitenote_category":0,"jetpack_post_was_ever_published":false,"_joinchat":[],"footnotes":""},"class_list":["post-52","page","type-page","status-publish","has-post-thumbnail","hentry","clear"],"translation":{"provider":"WPGlobus","version":"3.0.2","language":"gb","enabled_languages":["de","gb"],"languages":{"de":{"title":true,"content":true,"excerpt":false},"gb":{"title":false,"content":false,"excerpt":false}}},"yoast_head":"<!-- This site is optimized with the Yoast SEO plugin v27.3 - https:\/\/yoast.com\/product\/yoast-seo-wordpress\/ -->\n<title>Preise - Getting married in denmark<\/title>\n<meta name=\"robots\" content=\"index, follow, max-snippet:-1, max-image-preview:large, max-video-preview:-1\" \/>\n<link rel=\"canonical\" href=\"https:\/\/agenturherzensfreude.com\/preise\/\" \/>\n<meta property=\"og:locale\" content=\"en_GB\" \/>\n<meta property=\"og:type\" content=\"article\" \/>\n<meta property=\"og:title\" content=\"Preise - Getting married in denmark\" \/>\n<meta property=\"og:url\" content=\"https:\/\/agenturherzensfreude.com\/preise\/\" \/>\n<meta property=\"og:site_name\" content=\"Getting married in denmark\" \/>\n<meta property=\"article:modified_time\" content=\"2025-12-02T16:22:07+00:00\" \/>\n<meta property=\"og:image\" content=\"https:\/\/agenturherzensfreude.com\/wp-content\/uploads\/2021\/10\/mercedes-1571706__340.webp\" \/>\n\t<meta property=\"og:image:width\" content=\"604\" \/>\n\t<meta property=\"og:image:height\" content=\"340\" \/>\n\t<meta property=\"og:image:type\" content=\"image\/webp\" \/>\n<meta name=\"twitter:card\" content=\"summary_large_image\" \/>\n<meta name=\"twitter:label1\" content=\"Estimated reading time\" \/>\n\t<meta name=\"twitter:data1\" content=\"3 minutes\" \/>\n<script type=\"application\/ld+json\" class=\"yoast-schema-graph\">{\"@context\":\"https:\\\/\\\/schema.org\",\"@graph\":[{\"@type\":\"WebPage\",\"@id\":\"https:\\\/\\\/agenturherzensfreude.com\\\/preise\\\/\",\"url\":\"https:\\\/\\\/agenturherzensfreude.com\\\/preise\\\/\",\"name\":\"Preise - Getting married in denmark\",\"isPartOf\":{\"@id\":\"https:\\\/\\\/agenturherzensfreude.com\\\/#website\"},\"primaryImageOfPage\":{\"@id\":\"https:\\\/\\\/agenturherzensfreude.com\\\/preise\\\/#primaryimage\"},\"image\":{\"@id\":\"https:\\\/\\\/agenturherzensfreude.com\\\/preise\\\/#primaryimage\"},\"thumbnailUrl\":\"https:\\\/\\\/i0.wp.com\\\/agenturherzensfreude.com\\\/wp-content\\\/uploads\\\/2021\\\/10\\\/mercedes-1571706__340.webp?fit=604%2C340&ssl=1\",\"datePublished\":\"2014-09-09T20:51:43+00:00\",\"dateModified\":\"2025-12-02T16:22:07+00:00\",\"description\":\"Wir haben festgestellt, dass es am besten ist Paketpreise anzubieten. Du hast die klare Preis\u00fcbersicht und keine versteckten Kosten!\",\"breadcrumb\":{\"@id\":\"https:\\\/\\\/agenturherzensfreude.com\\\/preise\\\/#breadcrumb\"},\"inLanguage\":\"en-GB\",\"potentialAction\":[{\"@type\":\"ReadAction\",\"target\":[\"https:\\\/\\\/agenturherzensfreude.com\\\/preise\\\/\"]}]},{\"@type\":\"ImageObject\",\"inLanguage\":\"en-GB\",\"@id\":\"https:\\\/\\\/agenturherzensfreude.com\\\/preise\\\/#primaryimage\",\"url\":\"https:\\\/\\\/i0.wp.com\\\/agenturherzensfreude.com\\\/wp-content\\\/uploads\\\/2021\\\/10\\\/mercedes-1571706__340.webp?fit=604%2C340&ssl=1\",\"contentUrl\":\"https:\\\/\\\/i0.wp.com\\\/agenturherzensfreude.com\\\/wp-content\\\/uploads\\\/2021\\\/10\\\/mercedes-1571706__340.webp?fit=604%2C340&ssl=1\",\"width\":604,\"height\":340},{\"@type\":\"BreadcrumbList\",\"@id\":\"https:\\\/\\\/agenturherzensfreude.com\\\/preise\\\/#breadcrumb\",\"itemListElement\":[{\"@type\":\"ListItem\",\"position\":1,\"name\":\"Home\",\"item\":\"https:\\\/\\\/agenturherzensfreude.com\\\/\"},{\"@type\":\"ListItem\",\"position\":2,\"name\":\"Preise\"}]},{\"@type\":\"WebSite\",\"@id\":\"https:\\\/\\\/agenturherzensfreude.com\\\/#website\",\"url\":\"https:\\\/\\\/agenturherzensfreude.com\\\/\",\"name\":\"Getting married in denmark\",\"description\":\"\",\"potentialAction\":[{\"@type\":\"SearchAction\",\"target\":{\"@type\":\"EntryPoint\",\"urlTemplate\":\"https:\\\/\\\/agenturherzensfreude.com\\\/?s={search_term_string}\"},\"query-input\":{\"@type\":\"PropertyValueSpecification\",\"valueRequired\":true,\"valueName\":\"search_term_string\"}}],\"inLanguage\":\"en-GB\"}]}<\/script>\n<!-- \/ Yoast SEO plugin. -->","yoast_head_json":{"title":"Preise - Getting married in denmark","robots":{"index":"index","follow":"follow","max-snippet":"max-snippet:-1","max-image-preview":"max-image-preview:large","max-video-preview":"max-video-preview:-1"},"canonical":"https:\/\/agenturherzensfreude.com\/preise\/","og_locale":"en_GB","og_type":"article","og_title":"Preise - Getting married in denmark","og_url":"https:\/\/agenturherzensfreude.com\/preise\/","og_site_name":"Getting married in denmark","article_modified_time":"2025-12-02T16:22:07+00:00","og_image":[{"width":604,"height":340,"url":"https:\/\/agenturherzensfreude.com\/wp-content\/uploads\/2021\/10\/mercedes-1571706__340.webp","type":"image\/webp"}],"twitter_card":"summary_large_image","twitter_misc":{"Estimated reading time":"3 minutes"},"schema":{"@context":"https:\/\/schema.org","@graph":[{"@type":"WebPage","@id":"https:\/\/agenturherzensfreude.com\/preise\/","url":"https:\/\/agenturherzensfreude.com\/preise\/","name":"Preise - Getting married in denmark","isPartOf":{"@id":"https:\/\/agenturherzensfreude.com\/#website"},"primaryImageOfPage":{"@id":"https:\/\/agenturherzensfreude.com\/preise\/#primaryimage"},"image":{"@id":"https:\/\/agenturherzensfreude.com\/preise\/#primaryimage"},"thumbnailUrl":"https:\/\/i0.wp.com\/agenturherzensfreude.com\/wp-content\/uploads\/2021\/10\/mercedes-1571706__340.webp?fit=604%2C340&ssl=1","datePublished":"2014-09-09T20:51:43+00:00","dateModified":"2025-12-02T16:22:07+00:00","description":"Wir haben festgestellt, dass es am besten ist Paketpreise anzubieten. Du hast die klare Preis\u00fcbersicht und keine versteckten Kosten!","breadcrumb":{"@id":"https:\/\/agenturherzensfreude.com\/preise\/#breadcrumb"},"inLanguage":"en-GB","potentialAction":[{"@type":"ReadAction","target":["https:\/\/agenturherzensfreude.com\/preise\/"]}]},{"@type":"ImageObject","inLanguage":"en-GB","@id":"https:\/\/agenturherzensfreude.com\/preise\/#primaryimage","url":"https:\/\/i0.wp.com\/agenturherzensfreude.com\/wp-content\/uploads\/2021\/10\/mercedes-1571706__340.webp?fit=604%2C340&ssl=1","contentUrl":"https:\/\/i0.wp.com\/agenturherzensfreude.com\/wp-content\/uploads\/2021\/10\/mercedes-1571706__340.webp?fit=604%2C340&ssl=1","width":604,"height":340},{"@type":"BreadcrumbList","@id":"https:\/\/agenturherzensfreude.com\/preise\/#breadcrumb","itemListElement":[{"@type":"ListItem","position":1,"name":"Home","item":"https:\/\/agenturherzensfreude.com\/"},{"@type":"ListItem","position":2,"name":"Preise"}]},{"@type":"WebSite","@id":"https:\/\/agenturherzensfreude.com\/#website","url":"https:\/\/agenturherzensfreude.com\/","name":"Getting married in denmark","description":"","potentialAction":[{"@type":"SearchAction","target":{"@type":"EntryPoint","urlTemplate":"https:\/\/agenturherzensfreude.com\/?s={search_term_string}"},"query-input":{"@type":"PropertyValueSpecification","valueRequired":true,"valueName":"search_term_string"}}],"inLanguage":"en-GB"}]}},"jetpack_sharing_enabled":true,"jetpack_shortlink":"https:\/\/wp.me\/P4YXCW-Q","jetpack_likes_enabled":true,"amp_enabled":true,"_links":{"self":[{"href":"https:\/\/agenturherzensfreude.com\/gb\/wp-json\/wp\/v2\/pages\/52","targetHints":{"allow":["GET"]}}],"collection":[{"href":"https:\/\/agenturherzensfreude.com\/gb\/wp-json\/wp\/v2\/pages"}],"about":[{"href":"https:\/\/agenturherzensfreude.com\/gb\/wp-json\/wp\/v2\/types\/page"}],"author":[{"embeddable":true,"href":"https:\/\/agenturherzensfreude.com\/gb\/wp-json\/wp\/v2\/users\/1"}],"replies":[{"embeddable":true,"href":"https:\/\/agenturherzensfreude.com\/gb\/wp-json\/wp\/v2\/comments?post=52"}],"version-history":[{"count":100,"href":"https:\/\/agenturherzensfreude.com\/gb\/wp-json\/wp\/v2\/pages\/52\/revisions"}],"predecessor-version":[{"id":79360,"href":"https:\/\/agenturherzensfreude.com\/gb\/wp-json\/wp\/v2\/pages\/52\/revisions\/79360"}],"wp:featuredmedia":[{"embeddable":true,"href":"https:\/\/agenturherzensfreude.com\/gb\/wp-json\/wp\/v2\/media\/74727"}],"wp:attachment":[{"href":"https:\/\/agenturherzensfreude.com\/gb\/wp-json\/wp\/v2\/media?parent=52"}],"curies":[{"name":"wp","href":"https:\/\/api.w.org\/{rel}","templated":true}]}}