{"id":61,"date":"2014-09-09T23:31:28","date_gmt":"2014-09-09T21:31:28","guid":{"rendered":"http:\/\/agenturherzensfreude.com\/?page_id=61"},"modified":"2026-04-11T10:03:32","modified_gmt":"2026-04-11T08:03:32","slug":"erforderliche-dokumente","status":"publish","type":"page","link":"https:\/\/agenturherzensfreude.com\/gb\/erforderliche-dokumente\/","title":{"rendered":"needed documents"},"content":{"rendered":"<div class=\"pntrst_main_before_after\"><div class=\"pntrst-button-wrap\">\n\t\t\t\t\t\t\t<a data-pin-do=\"buttonBookmark\" data-pin-custom=\"\" href=\"https:\/\/www.pinterest.com\/pin\/create\/button\/\"><img data-recalc-dims=\"1\" decoding=\"async\" data-pin-nopin=\"1\" class=\"pntrst-custom-pin\" src=\"https:\/\/i0.wp.com\/agenturherzensfreude.com\/wp-content\/plugins\/bws-pinterest\/images\/pin.png?w=60&#038;ssl=1\" ><\/a>\n\t\t\t\t\t\t<\/div><\/div><h1>Which documents I need in order to get an appointment for my civil marriage in denmark?<\/h1>\n<p>All necessary documents are have to be send via Email to me as several pdf files. It is very important that the papers are coloured and well scanned, in order to get a marriage appointment organized.<\/p>\n<p>Jpeg. files and other kind of files as well as handyshots will not be accepted.<\/p>\n<p>I recommend you to use programms\u00a0 as like\u00a0<a href=\"https:\/\/sourceforge.net\/projects\/naps2\/\">Not another PDF scanner<\/a>\u00a0to convert your documents in the PDF format.<\/p>\n<h2><span style=\"color: #3366ff;\">needed papers for a EU citizen <\/span><a href=\"https:\/\/i0.wp.com\/agenturherzensfreude.com\/wp-content\/uploads\/2017\/12\/eu-bc3bcrger.png?ssl=1\"><img data-recalc-dims=\"1\" loading=\"lazy\" decoding=\"async\" data-attachment-id=\"69133\" data-permalink=\"https:\/\/agenturherzensfreude.com\/gb\/erforderliche-dokumente\/eu-buerger\/\" data-orig-file=\"https:\/\/i0.wp.com\/agenturherzensfreude.com\/wp-content\/uploads\/2017\/12\/eu-bc3bcrger.png?fit=640%2C427&amp;ssl=1\" data-orig-size=\"640,427\" data-comments-opened=\"1\" data-image-meta=\"{&quot;aperture&quot;:&quot;0&quot;,&quot;credit&quot;:&quot;&quot;,&quot;camera&quot;:&quot;&quot;,&quot;caption&quot;:&quot;&quot;,&quot;created_timestamp&quot;:&quot;0&quot;,&quot;copyright&quot;:&quot;&quot;,&quot;focal_length&quot;:&quot;0&quot;,&quot;iso&quot;:&quot;0&quot;,&quot;shutter_speed&quot;:&quot;0&quot;,&quot;title&quot;:&quot;&quot;,&quot;orientation&quot;:&quot;0&quot;}\" data-image-title=\"EU B\u00fcrger\" data-image-description=\"\" data-image-caption=\"\" data-large-file=\"https:\/\/i0.wp.com\/agenturherzensfreude.com\/wp-content\/uploads\/2017\/12\/eu-bc3bcrger.png?fit=640%2C427&amp;ssl=1\" class=\"alignnone size-full wp-image-69133\" src=\"https:\/\/i0.wp.com\/agenturherzensfreude.com\/wp-content\/uploads\/2017\/12\/eu-bc3bcrger.png?resize=640%2C427&#038;ssl=1\" alt=\"\" width=\"640\" height=\"427\" \/><\/a><\/h2>\n<ul>\n<li>valid passport<\/li>\n<li>if available a certificate of birth (not in every registar office necessary)<\/li>\n<li>certification of your current adress. (This document consists of your full name,current place of living, date and place of your birth, nationality and is included of your civil status (i.e. single\/unmarried, divorced or widowed) not older then four month!<\/li>\n<li>if you are divorced, the divorce paper is needed (final degree)<\/li>\n<li>if you are widowed, you have to show the certificate of death<\/li>\n<li>notice of marriage<\/li>\n<\/ul>\n<p>&nbsp;<\/p>\n<h2><span style=\"color: #3366ff;\">needed papers for a citizen not of the EU\u00a0<\/span><\/h2>\n<p><a href=\"https:\/\/i0.wp.com\/agenturherzensfreude.com\/wp-content\/uploads\/2017\/12\/nicht-eu-bc3bcrger.jpg?ssl=1\"><img data-recalc-dims=\"1\" loading=\"lazy\" decoding=\"async\" data-attachment-id=\"69134\" data-permalink=\"https:\/\/agenturherzensfreude.com\/gb\/erforderliche-dokumente\/nicht-eu-buerger\/\" data-orig-file=\"https:\/\/i0.wp.com\/agenturherzensfreude.com\/wp-content\/uploads\/2017\/12\/nicht-eu-bc3bcrger.jpg?fit=640%2C360&amp;ssl=1\" data-orig-size=\"640,360\" data-comments-opened=\"1\" data-image-meta=\"{&quot;aperture&quot;:&quot;0&quot;,&quot;credit&quot;:&quot;&quot;,&quot;camera&quot;:&quot;&quot;,&quot;caption&quot;:&quot;&quot;,&quot;created_timestamp&quot;:&quot;0&quot;,&quot;copyright&quot;:&quot;&quot;,&quot;focal_length&quot;:&quot;0&quot;,&quot;iso&quot;:&quot;0&quot;,&quot;shutter_speed&quot;:&quot;0&quot;,&quot;title&quot;:&quot;&quot;,&quot;orientation&quot;:&quot;0&quot;}\" data-image-title=\"Nicht EU B\u00fcrger\" data-image-description=\"\" data-image-caption=\"\" data-large-file=\"https:\/\/i0.wp.com\/agenturherzensfreude.com\/wp-content\/uploads\/2017\/12\/nicht-eu-bc3bcrger.jpg?fit=640%2C360&amp;ssl=1\" class=\"alignnone size-full wp-image-69134\" src=\"https:\/\/i0.wp.com\/agenturherzensfreude.com\/wp-content\/uploads\/2017\/12\/nicht-eu-bc3bcrger.jpg?resize=640%2C360&#038;ssl=1\" alt=\"\" width=\"640\" height=\"360\" \/><\/a><\/p>\n<ul>\n<li>valid passport with visa for schengen area or a residence permission<\/li>\n<li>if available the certificate of birth (not in every township needed)<\/li>\n<li>certificate of beeing unmarried, if the homecountry is not Germany it is possible that you have to translate it into english or german and also need a apostille or legalisation\u00a0in some cases it is possible to get married without a certificate of the unmarried status.<\/li>\n<li>certification of your current adress. (This document consists of your full name,current place of living, date and place of your birth, nationality and is included of your civil status (i.e. single\/unmarried, divorced or widowed) not older then four month<\/li>\n<li>if you are divorced, the divorce paper is needed (final degree), translation, apostille or legalisation needed (depends on the country)<\/li>\n<li>if you are widowed, you have to show the certificate of death (translation, apostille or legalisation needed<\/li>\n<\/ul>\n<h2><span style=\"color: #3366ff;\">\u00a0US-soldiers:<\/span><img data-recalc-dims=\"1\" loading=\"lazy\" decoding=\"async\" data-attachment-id=\"69135\" data-permalink=\"https:\/\/agenturherzensfreude.com\/gb\/erforderliche-dokumente\/us-soldat\/\" data-orig-file=\"https:\/\/i0.wp.com\/agenturherzensfreude.com\/wp-content\/uploads\/2017\/12\/us-soldat.jpg?fit=640%2C360&amp;ssl=1\" data-orig-size=\"640,360\" data-comments-opened=\"1\" data-image-meta=\"{&quot;aperture&quot;:&quot;0&quot;,&quot;credit&quot;:&quot;&quot;,&quot;camera&quot;:&quot;&quot;,&quot;caption&quot;:&quot;&quot;,&quot;created_timestamp&quot;:&quot;0&quot;,&quot;copyright&quot;:&quot;&quot;,&quot;focal_length&quot;:&quot;0&quot;,&quot;iso&quot;:&quot;0&quot;,&quot;shutter_speed&quot;:&quot;0&quot;,&quot;title&quot;:&quot;&quot;,&quot;orientation&quot;:&quot;0&quot;}\" data-image-title=\"US Soldat\" data-image-description=\"\" data-image-caption=\"\" data-large-file=\"https:\/\/i0.wp.com\/agenturherzensfreude.com\/wp-content\/uploads\/2017\/12\/us-soldat.jpg?fit=640%2C360&amp;ssl=1\" class=\"alignnone size-full wp-image-69135\" src=\"https:\/\/i0.wp.com\/agenturherzensfreude.com\/wp-content\/uploads\/2017\/12\/us-soldat.jpg?resize=640%2C360&#038;ssl=1\" alt=\"US Soldat\" width=\"640\" height=\"360\" \/><\/h2>\n<ul>\n<li>Military ID-card<\/li>\n<li>Leave Order<\/li>\n<li>Permission for marriage (handed out by the commander, includes the civil status)<\/li>\n<li>if available certification of birth<\/li>\n<li>if divorced, the final divorce paper, if needed translated into german or english,\u00a0 apostille or legalization german divorce papers are accepted without translation, apostille and legalization)<\/li>\n<li>if widowed, certification of death , if needed translated and with apostille or legalization (german certificates of death are accepted without translation, apostille or legalisation)<br \/>\n<h3><\/h3>\n<p><span style=\"color: #ff0000;\">If you book my service, I will write a bill receipt for you so you have a confirmation for my wedding service. Then I will also send you a document power of attorney. If you fill out that document I am allowed to upload your documents to the danish authority which offers the permission for a marriage in denmark.<\/span><\/li>\n<\/ul>\n<div class=\"pntrst_main_before_after\"><\/div>","protected":false},"excerpt":{"rendered":"<p>Which documents I need in order to get an appointment for my civil marriage in denmark? All necessary documents are have to be send via Email to me as several pdf files. It is very important that the papers are&#8230; <a class=\"more-link\" href=\"https:\/\/agenturherzensfreude.com\/gb\/erforderliche-dokumente\/#more-61\">Continue Reading &rarr;<\/a><\/p>\n","protected":false},"author":1,"featured_media":0,"parent":0,"menu_order":0,"comment_status":"open","ping_status":"open","template":"","meta":{"_monsterinsights_skip_tracking":false,"_monsterinsights_sitenote_active":false,"_monsterinsights_sitenote_note":"","_monsterinsights_sitenote_category":0,"_joinchat":[],"footnotes":""},"class_list":["post-61","page","type-page","status-publish","hentry","clear"],"translation":{"provider":"WPGlobus","version":"3.0.2","language":"gb","enabled_languages":["de","gb"],"languages":{"de":{"title":true,"content":true,"excerpt":false},"gb":{"title":true,"content":true,"excerpt":false}}},"yoast_head":"<!-- This site is optimized with the Yoast SEO plugin v27.5 - https:\/\/yoast.com\/product\/yoast-seo-wordpress\/ -->\n<title>needed documents - Getting married in denmark<\/title>\n<meta name=\"robots\" content=\"index, follow, max-snippet:-1, max-image-preview:large, max-video-preview:-1\" \/>\n<link rel=\"canonical\" href=\"https:\/\/agenturherzensfreude.com\/erforderliche-dokumente\/\" \/>\n<meta property=\"og:locale\" content=\"en_GB\" \/>\n<meta property=\"og:type\" content=\"article\" \/>\n<meta property=\"og:title\" content=\"needed documents - Getting married in denmark\" \/>\n<meta property=\"og:url\" content=\"https:\/\/agenturherzensfreude.com\/erforderliche-dokumente\/\" \/>\n<meta property=\"og:site_name\" content=\"Getting married in denmark\" \/>\n<meta property=\"article:modified_time\" content=\"2026-04-11T08:03:32+00:00\" \/>\n<meta property=\"og:image\" content=\"https:\/\/agenturherzensfreude.com\/wp-content\/uploads\/2026\/04\/heiraten-in-danemark-69d6c75110767.jpg\" \/>\n<meta name=\"twitter:card\" content=\"summary_large_image\" \/>\n<meta name=\"twitter:label1\" content=\"Estimated reading time\" \/>\n\t<meta name=\"twitter:data1\" content=\"2 minutes\" \/>\n<script type=\"application\/ld+json\" class=\"yoast-schema-graph\">{\"@context\":\"https:\\\/\\\/schema.org\",\"@graph\":[{\"@type\":\"WebPage\",\"@id\":\"https:\\\/\\\/agenturherzensfreude.com\\\/erforderliche-dokumente\\\/\",\"url\":\"https:\\\/\\\/agenturherzensfreude.com\\\/erforderliche-dokumente\\\/\",\"name\":\"needed documents - Getting married in denmark\",\"isPartOf\":{\"@id\":\"https:\\\/\\\/agenturherzensfreude.com\\\/#website\"},\"primaryImageOfPage\":{\"@id\":\"https:\\\/\\\/agenturherzensfreude.com\\\/erforderliche-dokumente\\\/#primaryimage\"},\"image\":{\"@id\":\"https:\\\/\\\/agenturherzensfreude.com\\\/erforderliche-dokumente\\\/#primaryimage\"},\"thumbnailUrl\":\"https:\\\/\\\/agenturherzensfreude.com\\\/wp-content\\\/uploads\\\/2026\\\/04\\\/heiraten-in-danemark-69d6c75110767.jpg\",\"datePublished\":\"2014-09-09T21:31:28+00:00\",\"dateModified\":\"2026-04-11T08:03:32+00:00\",\"description\":\"Heiraten in D\u00e4nemark: Wir pr\u00fcfen eure Situation kostenlos und zeigen euch den schnellsten Weg zur Hochzeit auch in komplizierten F\u00e4llen\",\"breadcrumb\":{\"@id\":\"https:\\\/\\\/agenturherzensfreude.com\\\/erforderliche-dokumente\\\/#breadcrumb\"},\"inLanguage\":\"en-GB\",\"potentialAction\":[{\"@type\":\"ReadAction\",\"target\":[\"https:\\\/\\\/agenturherzensfreude.com\\\/erforderliche-dokumente\\\/\"]}]},{\"@type\":\"ImageObject\",\"inLanguage\":\"en-GB\",\"@id\":\"https:\\\/\\\/agenturherzensfreude.com\\\/erforderliche-dokumente\\\/#primaryimage\",\"url\":\"https:\\\/\\\/agenturherzensfreude.com\\\/wp-content\\\/uploads\\\/2026\\\/04\\\/heiraten-in-danemark-69d6c75110767.jpg\",\"contentUrl\":\"https:\\\/\\\/agenturherzensfreude.com\\\/wp-content\\\/uploads\\\/2026\\\/04\\\/heiraten-in-danemark-69d6c75110767.jpg\"},{\"@type\":\"BreadcrumbList\",\"@id\":\"https:\\\/\\\/agenturherzensfreude.com\\\/erforderliche-dokumente\\\/#breadcrumb\",\"itemListElement\":[{\"@type\":\"ListItem\",\"position\":1,\"name\":\"Home\",\"item\":\"https:\\\/\\\/agenturherzensfreude.com\\\/\"},{\"@type\":\"ListItem\",\"position\":2,\"name\":\"erforderliche Dokumente\"}]},{\"@type\":\"WebSite\",\"@id\":\"https:\\\/\\\/agenturherzensfreude.com\\\/#website\",\"url\":\"https:\\\/\\\/agenturherzensfreude.com\\\/\",\"name\":\"Getting married in denmark\",\"description\":\"\",\"potentialAction\":[{\"@type\":\"SearchAction\",\"target\":{\"@type\":\"EntryPoint\",\"urlTemplate\":\"https:\\\/\\\/agenturherzensfreude.com\\\/?s={search_term_string}\"},\"query-input\":{\"@type\":\"PropertyValueSpecification\",\"valueRequired\":true,\"valueName\":\"search_term_string\"}}],\"inLanguage\":\"en-GB\"}]}<\/script>\n<!-- \/ Yoast SEO plugin. -->","yoast_head_json":{"title":"needed documents - Getting married in denmark","robots":{"index":"index","follow":"follow","max-snippet":"max-snippet:-1","max-image-preview":"max-image-preview:large","max-video-preview":"max-video-preview:-1"},"canonical":"https:\/\/agenturherzensfreude.com\/erforderliche-dokumente\/","og_locale":"en_GB","og_type":"article","og_title":"needed documents - Getting married in denmark","og_url":"https:\/\/agenturherzensfreude.com\/erforderliche-dokumente\/","og_site_name":"Getting married in denmark","article_modified_time":"2026-04-11T08:03:32+00:00","og_image":[{"url":"https:\/\/agenturherzensfreude.com\/wp-content\/uploads\/2026\/04\/heiraten-in-danemark-69d6c75110767.jpg","type":"","width":"","height":""}],"twitter_card":"summary_large_image","twitter_misc":{"Estimated reading time":"2 minutes"},"schema":{"@context":"https:\/\/schema.org","@graph":[{"@type":"WebPage","@id":"https:\/\/agenturherzensfreude.com\/erforderliche-dokumente\/","url":"https:\/\/agenturherzensfreude.com\/erforderliche-dokumente\/","name":"needed documents - Getting married in denmark","isPartOf":{"@id":"https:\/\/agenturherzensfreude.com\/#website"},"primaryImageOfPage":{"@id":"https:\/\/agenturherzensfreude.com\/erforderliche-dokumente\/#primaryimage"},"image":{"@id":"https:\/\/agenturherzensfreude.com\/erforderliche-dokumente\/#primaryimage"},"thumbnailUrl":"https:\/\/agenturherzensfreude.com\/wp-content\/uploads\/2026\/04\/heiraten-in-danemark-69d6c75110767.jpg","datePublished":"2014-09-09T21:31:28+00:00","dateModified":"2026-04-11T08:03:32+00:00","description":"Heiraten in D\u00e4nemark: Wir pr\u00fcfen eure Situation kostenlos und zeigen euch den schnellsten Weg zur Hochzeit auch in komplizierten F\u00e4llen","breadcrumb":{"@id":"https:\/\/agenturherzensfreude.com\/erforderliche-dokumente\/#breadcrumb"},"inLanguage":"en-GB","potentialAction":[{"@type":"ReadAction","target":["https:\/\/agenturherzensfreude.com\/erforderliche-dokumente\/"]}]},{"@type":"ImageObject","inLanguage":"en-GB","@id":"https:\/\/agenturherzensfreude.com\/erforderliche-dokumente\/#primaryimage","url":"https:\/\/agenturherzensfreude.com\/wp-content\/uploads\/2026\/04\/heiraten-in-danemark-69d6c75110767.jpg","contentUrl":"https:\/\/agenturherzensfreude.com\/wp-content\/uploads\/2026\/04\/heiraten-in-danemark-69d6c75110767.jpg"},{"@type":"BreadcrumbList","@id":"https:\/\/agenturherzensfreude.com\/erforderliche-dokumente\/#breadcrumb","itemListElement":[{"@type":"ListItem","position":1,"name":"Home","item":"https:\/\/agenturherzensfreude.com\/"},{"@type":"ListItem","position":2,"name":"erforderliche Dokumente"}]},{"@type":"WebSite","@id":"https:\/\/agenturherzensfreude.com\/#website","url":"https:\/\/agenturherzensfreude.com\/","name":"Getting married in denmark","description":"","potentialAction":[{"@type":"SearchAction","target":{"@type":"EntryPoint","urlTemplate":"https:\/\/agenturherzensfreude.com\/?s={search_term_string}"},"query-input":{"@type":"PropertyValueSpecification","valueRequired":true,"valueName":"search_term_string"}}],"inLanguage":"en-GB"}]}},"jetpack_sharing_enabled":true,"jetpack_shortlink":"https:\/\/wp.me\/P4YXCW-Z","jetpack_likes_enabled":true,"amp_enabled":true,"_links":{"self":[{"href":"https:\/\/agenturherzensfreude.com\/gb\/wp-json\/wp\/v2\/pages\/61","targetHints":{"allow":["GET"]}}],"collection":[{"href":"https:\/\/agenturherzensfreude.com\/gb\/wp-json\/wp\/v2\/pages"}],"about":[{"href":"https:\/\/agenturherzensfreude.com\/gb\/wp-json\/wp\/v2\/types\/page"}],"author":[{"embeddable":true,"href":"https:\/\/agenturherzensfreude.com\/gb\/wp-json\/wp\/v2\/users\/1"}],"replies":[{"embeddable":true,"href":"https:\/\/agenturherzensfreude.com\/gb\/wp-json\/wp\/v2\/comments?post=61"}],"version-history":[{"count":41,"href":"https:\/\/agenturherzensfreude.com\/gb\/wp-json\/wp\/v2\/pages\/61\/revisions"}],"predecessor-version":[{"id":79990,"href":"https:\/\/agenturherzensfreude.com\/gb\/wp-json\/wp\/v2\/pages\/61\/revisions\/79990"}],"wp:attachment":[{"href":"https:\/\/agenturherzensfreude.com\/gb\/wp-json\/wp\/v2\/media?parent=61"}],"curies":[{"name":"wp","href":"https:\/\/api.w.org\/{rel}","templated":true}]}}