{"id":71453,"date":"2019-12-04T13:21:49","date_gmt":"2019-12-04T11:21:49","guid":{"rendered":"https:\/\/agenturherzensfreude.com\/?page_id=71453"},"modified":"2019-12-04T13:21:49","modified_gmt":"2019-12-04T11:21:49","slug":"vollmacht-heiraten-in-daenemark","status":"publish","type":"page","link":"https:\/\/agenturherzensfreude.com\/gb\/vollmacht-heiraten-in-daenemark\/","title":{"rendered":"Vollmacht Heiraten in D\u00e4nemark"},"content":{"rendered":"<div class=\"pntrst_main_before_after\"><div class=\"pntrst-button-wrap\">\n\t\t\t\t\t\t\t<a data-pin-do=\"buttonBookmark\" data-pin-custom=\"\" href=\"https:\/\/www.pinterest.com\/pin\/create\/button\/\"><img data-recalc-dims=\"1\" decoding=\"async\" data-pin-nopin=\"1\" class=\"pntrst-custom-pin\" src=\"https:\/\/i0.wp.com\/agenturherzensfreude.com\/wp-content\/plugins\/bws-pinterest\/images\/pin.png?w=60&#038;ssl=1\" ><\/a>\n\t\t\t\t\t\t<\/div><\/div><p>Hier findest du die Vollmacht, die ihr beide bitte mit blauem Kulli unterschreibt. Ganz wichtig ist auch, Ort &amp; Datum mit anzugeben. Die Daten k\u00f6nnt ihr bequem in Word ausf\u00fcllen, sodass es gut leserlich f\u00fcr die Pr\u00fcfer in D\u00e4nemark ist:<\/p>\n<p><a title=\"Vollmacht Paare Familienagentur\" href=\"https:\/\/agenturherzensfreude.com\/wp-content\/uploads\/2019\/12\/Vollmacht-Paare-Familienagentur.docx\">Vollmacht Paare Familienagentur<\/a><\/p>\n<p>Falls einer von euch beiden nur Englisch spricht, k\u00f6nnt ihr die Vollmacht auch auf Englisch ausf\u00fcllen: <a title=\"power of Attorney Agency of Family law\" href=\"https:\/\/agenturherzensfreude.com\/wp-content\/uploads\/2019\/12\/power-of-Attorney-Agency-of-Family-law.docx\">power of Attorney Agency of Family law<\/a><\/p>\n<div class=\"pntrst_main_before_after\"><\/div>","protected":false},"excerpt":{"rendered":"<p>Hier findest du die Vollmacht, die ihr beide bitte mit blauem Kulli unterschreibt. Ganz wichtig ist auch, Ort &amp; Datum mit anzugeben. Die Daten k\u00f6nnt ihr bequem in Word ausf\u00fcllen, sodass es gut leserlich f\u00fcr die Pr\u00fcfer in D\u00e4nemark ist:&#8230; <a class=\"more-link\" href=\"https:\/\/agenturherzensfreude.com\/gb\/vollmacht-heiraten-in-daenemark\/#more-71453\">Continue Reading &rarr;<\/a><\/p>\n","protected":false},"author":1,"featured_media":0,"parent":0,"menu_order":0,"comment_status":"closed","ping_status":"closed","template":"","meta":{"_monsterinsights_skip_tracking":false,"_monsterinsights_sitenote_active":false,"_monsterinsights_sitenote_note":"","_monsterinsights_sitenote_category":0,"jetpack_post_was_ever_published":false,"_joinchat":[],"footnotes":""},"class_list":["post-71453","page","type-page","status-publish","hentry","clear"],"translation":{"provider":"WPGlobus","version":"3.0.2","language":"gb","enabled_languages":["de","gb"],"languages":{"de":{"title":true,"content":true,"excerpt":false},"gb":{"title":false,"content":false,"excerpt":false}}},"yoast_head":"<!-- This site is optimized with the Yoast SEO plugin v27.3 - https:\/\/yoast.com\/product\/yoast-seo-wordpress\/ -->\n<title>Vollmacht Heiraten in D\u00e4nemark - Getting married in denmark<\/title>\n<meta name=\"robots\" content=\"index, follow, max-snippet:-1, max-image-preview:large, max-video-preview:-1\" \/>\n<link rel=\"canonical\" href=\"https:\/\/agenturherzensfreude.com\/vollmacht-heiraten-in-daenemark\/\" \/>\n<meta property=\"og:locale\" content=\"en_GB\" \/>\n<meta property=\"og:type\" content=\"article\" \/>\n<meta property=\"og:title\" content=\"Vollmacht Heiraten in D\u00e4nemark - Getting married in denmark\" \/>\n<meta property=\"og:url\" content=\"https:\/\/agenturherzensfreude.com\/vollmacht-heiraten-in-daenemark\/\" \/>\n<meta property=\"og:site_name\" content=\"Getting married in denmark\" \/>\n<meta name=\"twitter:card\" content=\"summary_large_image\" \/>\n<script type=\"application\/ld+json\" class=\"yoast-schema-graph\">{\"@context\":\"https:\\\/\\\/schema.org\",\"@graph\":[{\"@type\":\"WebPage\",\"@id\":\"https:\\\/\\\/agenturherzensfreude.com\\\/vollmacht-heiraten-in-daenemark\\\/\",\"url\":\"https:\\\/\\\/agenturherzensfreude.com\\\/vollmacht-heiraten-in-daenemark\\\/\",\"name\":\"Vollmacht Heiraten in D\u00e4nemark - Getting married in denmark\",\"isPartOf\":{\"@id\":\"https:\\\/\\\/agenturherzensfreude.com\\\/#website\"},\"datePublished\":\"2019-12-04T11:21:49+00:00\",\"breadcrumb\":{\"@id\":\"https:\\\/\\\/agenturherzensfreude.com\\\/vollmacht-heiraten-in-daenemark\\\/#breadcrumb\"},\"inLanguage\":\"en-GB\",\"potentialAction\":[{\"@type\":\"ReadAction\",\"target\":[\"https:\\\/\\\/agenturherzensfreude.com\\\/vollmacht-heiraten-in-daenemark\\\/\"]}]},{\"@type\":\"BreadcrumbList\",\"@id\":\"https:\\\/\\\/agenturherzensfreude.com\\\/vollmacht-heiraten-in-daenemark\\\/#breadcrumb\",\"itemListElement\":[{\"@type\":\"ListItem\",\"position\":1,\"name\":\"Home\",\"item\":\"https:\\\/\\\/agenturherzensfreude.com\\\/\"},{\"@type\":\"ListItem\",\"position\":2,\"name\":\"Vollmacht Heiraten in D\u00e4nemark\"}]},{\"@type\":\"WebSite\",\"@id\":\"https:\\\/\\\/agenturherzensfreude.com\\\/#website\",\"url\":\"https:\\\/\\\/agenturherzensfreude.com\\\/\",\"name\":\"Getting married in denmark\",\"description\":\"\",\"potentialAction\":[{\"@type\":\"SearchAction\",\"target\":{\"@type\":\"EntryPoint\",\"urlTemplate\":\"https:\\\/\\\/agenturherzensfreude.com\\\/?s={search_term_string}\"},\"query-input\":{\"@type\":\"PropertyValueSpecification\",\"valueRequired\":true,\"valueName\":\"search_term_string\"}}],\"inLanguage\":\"en-GB\"}]}<\/script>\n<!-- \/ Yoast SEO plugin. -->","yoast_head_json":{"title":"Vollmacht Heiraten in D\u00e4nemark - Getting married in denmark","robots":{"index":"index","follow":"follow","max-snippet":"max-snippet:-1","max-image-preview":"max-image-preview:large","max-video-preview":"max-video-preview:-1"},"canonical":"https:\/\/agenturherzensfreude.com\/vollmacht-heiraten-in-daenemark\/","og_locale":"en_GB","og_type":"article","og_title":"Vollmacht Heiraten in D\u00e4nemark - Getting married in denmark","og_url":"https:\/\/agenturherzensfreude.com\/vollmacht-heiraten-in-daenemark\/","og_site_name":"Getting married in denmark","twitter_card":"summary_large_image","schema":{"@context":"https:\/\/schema.org","@graph":[{"@type":"WebPage","@id":"https:\/\/agenturherzensfreude.com\/vollmacht-heiraten-in-daenemark\/","url":"https:\/\/agenturherzensfreude.com\/vollmacht-heiraten-in-daenemark\/","name":"Vollmacht Heiraten in D\u00e4nemark - Getting married in denmark","isPartOf":{"@id":"https:\/\/agenturherzensfreude.com\/#website"},"datePublished":"2019-12-04T11:21:49+00:00","breadcrumb":{"@id":"https:\/\/agenturherzensfreude.com\/vollmacht-heiraten-in-daenemark\/#breadcrumb"},"inLanguage":"en-GB","potentialAction":[{"@type":"ReadAction","target":["https:\/\/agenturherzensfreude.com\/vollmacht-heiraten-in-daenemark\/"]}]},{"@type":"BreadcrumbList","@id":"https:\/\/agenturherzensfreude.com\/vollmacht-heiraten-in-daenemark\/#breadcrumb","itemListElement":[{"@type":"ListItem","position":1,"name":"Home","item":"https:\/\/agenturherzensfreude.com\/"},{"@type":"ListItem","position":2,"name":"Vollmacht Heiraten in D\u00e4nemark"}]},{"@type":"WebSite","@id":"https:\/\/agenturherzensfreude.com\/#website","url":"https:\/\/agenturherzensfreude.com\/","name":"Getting married in denmark","description":"","potentialAction":[{"@type":"SearchAction","target":{"@type":"EntryPoint","urlTemplate":"https:\/\/agenturherzensfreude.com\/?s={search_term_string}"},"query-input":{"@type":"PropertyValueSpecification","valueRequired":true,"valueName":"search_term_string"}}],"inLanguage":"en-GB"}]}},"jetpack_sharing_enabled":true,"jetpack_shortlink":"https:\/\/wp.me\/P4YXCW-iAt","jetpack_likes_enabled":true,"amp_enabled":true,"_links":{"self":[{"href":"https:\/\/agenturherzensfreude.com\/gb\/wp-json\/wp\/v2\/pages\/71453","targetHints":{"allow":["GET"]}}],"collection":[{"href":"https:\/\/agenturherzensfreude.com\/gb\/wp-json\/wp\/v2\/pages"}],"about":[{"href":"https:\/\/agenturherzensfreude.com\/gb\/wp-json\/wp\/v2\/types\/page"}],"author":[{"embeddable":true,"href":"https:\/\/agenturherzensfreude.com\/gb\/wp-json\/wp\/v2\/users\/1"}],"replies":[{"embeddable":true,"href":"https:\/\/agenturherzensfreude.com\/gb\/wp-json\/wp\/v2\/comments?post=71453"}],"version-history":[{"count":4,"href":"https:\/\/agenturherzensfreude.com\/gb\/wp-json\/wp\/v2\/pages\/71453\/revisions"}],"predecessor-version":[{"id":71459,"href":"https:\/\/agenturherzensfreude.com\/gb\/wp-json\/wp\/v2\/pages\/71453\/revisions\/71459"}],"wp:attachment":[{"href":"https:\/\/agenturherzensfreude.com\/gb\/wp-json\/wp\/v2\/media?parent=71453"}],"curies":[{"name":"wp","href":"https:\/\/api.w.org\/{rel}","templated":true}]}}